{"id":198,"date":"2025-11-15T00:34:05","date_gmt":"2025-11-15T00:34:05","guid":{"rendered":"https:\/\/changecongordc4628.live-website.com\/?page_id=198"},"modified":"2026-02-23T20:20:40","modified_gmt":"2026-02-23T20:20:40","slug":"jadhere","status":"publish","type":"page","link":"https:\/\/changecongordc.org\/en\/jadhere\/","title":{"rendered":"J\u2019adh\u00e8re"},"content":{"rendered":"<style>.elementor-198 .elementor-element.elementor-element-1cb9f926{--display:flex;--min-height:440px;--flex-direction:column;--container-widget-width:100%;--container-widget-height:initial;--container-widget-flex-grow:0;--container-widget-align-self:initial;--flex-wrap-mobile:wrap;--justify-content:center;--overlay-opacity:0.7;--padding-top:60px;--padding-bottom:0px;--padding-left:0px;--padding-right:0px;}.elementor-198 .elementor-element.elementor-element-1cb9f926:not(.elementor-motion-effects-element-type-background), .elementor-198 .elementor-element.elementor-element-1cb9f926 > .elementor-motion-effects-container > .elementor-motion-effects-layer{background-image:url(\"https:\/\/changecongordc.org\/wp-content\/uploads\/2025\/10\/4.webp\");background-position:center right;background-repeat:no-repeat;background-size:cover;}.elementor-198 .elementor-element.elementor-element-1cb9f926::before, .elementor-198 .elementor-element.elementor-element-1cb9f926 > .elementor-background-video-container::before, .elementor-198 .elementor-element.elementor-element-1cb9f926 > .e-con-inner > .elementor-background-video-container::before, .elementor-198 .elementor-element.elementor-element-1cb9f926 > .elementor-background-slideshow::before, .elementor-198 .elementor-element.elementor-element-1cb9f926 > .e-con-inner > .elementor-background-slideshow::before, .elementor-198 .elementor-element.elementor-element-1cb9f926 > .elementor-motion-effects-container > .elementor-motion-effects-layer::before{--background-overlay:'';background-color:var( --e-global-color-c69b414 );}.elementor-198 .elementor-element.elementor-element-5f098e07{text-align:center;}.elementor-198 .elementor-element.elementor-element-5f098e07 .elementor-heading-title{font-family:var( --e-global-typography-ffb9126-font-family ), Sans-serif;font-size:var( --e-global-typography-ffb9126-font-size );font-weight:var( --e-global-typography-ffb9126-font-weight );line-height:var( --e-global-typography-ffb9126-line-height );letter-spacing:var( --e-global-typography-ffb9126-letter-spacing );word-spacing:var( --e-global-typography-ffb9126-word-spacing );color:var( --e-global-color-22c322d );}.elementor-198 .elementor-element.elementor-element-f25d1aa{--display:flex;--flex-direction:row;--container-widget-width:initial;--container-widget-height:100%;--container-widget-flex-grow:1;--container-widget-align-self:stretch;--flex-wrap-mobile:wrap;--justify-content:center;--gap:60px 60px;--row-gap:60px;--column-gap:60px;--padding-top:100px;--padding-bottom:100px;--padding-left:20px;--padding-right:20px;}.elementor-198 .elementor-element.elementor-element-7c757b7{--display:flex;--border-radius:20px 20px 20px 20px;--padding-top:20px;--padding-bottom:20px;--padding-left:20px;--padding-right:20px;}.elementor-198 .elementor-element.elementor-element-7c757b7:not(.elementor-motion-effects-element-type-background), .elementor-198 .elementor-element.elementor-element-7c757b7 > .elementor-motion-effects-container > .elementor-motion-effects-layer{background-color:var( --e-global-color-accent );}.elementor-198 .elementor-element.elementor-element-9529c91{text-align:center;}.elementor-198 .elementor-element.elementor-element-9529c91 .elementor-heading-title{font-family:var( --e-global-typography-1859ff9-font-family ), Sans-serif;font-size:var( --e-global-typography-1859ff9-font-size );font-weight:var( --e-global-typography-1859ff9-font-weight );line-height:var( --e-global-typography-1859ff9-line-height );letter-spacing:var( --e-global-typography-1859ff9-letter-spacing );word-spacing:var( --e-global-typography-1859ff9-word-spacing );color:var( --e-global-color-22c322d );}.elementor-198 .elementor-element.elementor-element-32f73aa{text-align:center;color:var( --e-global-color-22c322d );}.elementor-198 .elementor-element.elementor-element-3fb5d1a{--display:flex;--flex-direction:column;--container-widget-width:100%;--container-widget-height:initial;--container-widget-flex-grow:0;--container-widget-align-self:initial;--flex-wrap-mobile:wrap;}.elementor-198 .elementor-element.elementor-element-e733ee6{--display:flex;--flex-direction:column;--container-widget-width:calc( ( 1 - var( --container-widget-flex-grow ) ) * 100% );--container-widget-height:initial;--container-widget-flex-grow:0;--container-widget-align-self:initial;--flex-wrap-mobile:wrap;--align-items:center;--gap:40px 40px;--row-gap:40px;--column-gap:40px;--overlay-opacity:0.9;--margin-top:0px;--margin-bottom:0px;--margin-left:0px;--margin-right:0px;--padding-top:100px;--padding-bottom:300px;--padding-left:0px;--padding-right:0px;}.elementor-198 .elementor-element.elementor-element-e733ee6:not(.elementor-motion-effects-element-type-background), .elementor-198 .elementor-element.elementor-element-e733ee6 > .elementor-motion-effects-container > .elementor-motion-effects-layer{background-color:var( --e-global-color-accent );background-image:url(\"https:\/\/changecongordc.org\/wp-content\/uploads\/2025\/10\/bir-catisma-nedeni-olarak-kaynak-kitligi.webp\");background-position:center center;background-repeat:no-repeat;}.elementor-198 .elementor-element.elementor-element-e733ee6::before, .elementor-198 .elementor-element.elementor-element-e733ee6 > .elementor-background-video-container::before, .elementor-198 .elementor-element.elementor-element-e733ee6 > .e-con-inner > .elementor-background-video-container::before, .elementor-198 .elementor-element.elementor-element-e733ee6 > .elementor-background-slideshow::before, .elementor-198 .elementor-element.elementor-element-e733ee6 > .e-con-inner > .elementor-background-slideshow::before, .elementor-198 .elementor-element.elementor-element-e733ee6 > .elementor-motion-effects-container > .elementor-motion-effects-layer::before{--background-overlay:'';background-color:var( --e-global-color-accent );}.elementor-198 .elementor-element.elementor-element-e733ee6.e-con{--flex-grow:0;--flex-shrink:0;}.elementor-198 .elementor-element.elementor-element-25268a8{--display:flex;--padding-top:0px;--padding-bottom:0px;--padding-left:0px;--padding-right:0px;}.elementor-198 .elementor-element.elementor-element-d493551{text-align:center;}.elementor-198 .elementor-element.elementor-element-d493551 .elementor-heading-title{font-family:var( --e-global-typography-d86f8c4-font-family ), Sans-serif;font-size:var( --e-global-typography-d86f8c4-font-size );font-weight:var( --e-global-typography-d86f8c4-font-weight );line-height:var( --e-global-typography-d86f8c4-line-height );letter-spacing:var( --e-global-typography-d86f8c4-letter-spacing );word-spacing:var( --e-global-typography-d86f8c4-word-spacing );color:var( --e-global-color-22c322d );}.elementor-198 .elementor-element.elementor-element-860f254{text-align:center;}.elementor-198 .elementor-element.elementor-element-860f254 .elementor-heading-title{font-family:var( --e-global-typography-1859ff9-font-family ), Sans-serif;font-size:var( --e-global-typography-1859ff9-font-size );font-weight:var( --e-global-typography-1859ff9-font-weight );line-height:var( --e-global-typography-1859ff9-line-height );letter-spacing:var( --e-global-typography-1859ff9-letter-spacing );word-spacing:var( --e-global-typography-1859ff9-word-spacing );color:var( --e-global-color-22c322d );}.elementor-198 .elementor-element.elementor-element-b8c9482{--display:flex;--flex-direction:column;--container-widget-width:calc( ( 1 - var( --container-widget-flex-grow ) ) * 100% );--container-widget-height:initial;--container-widget-flex-grow:0;--container-widget-align-self:initial;--flex-wrap-mobile:wrap;--align-items:center;--margin-top:-240px;--margin-bottom:0px;--margin-left:0px;--margin-right:0px;--padding-top:0px;--padding-bottom:100px;--padding-left:0px;--padding-right:0px;}.elementor-198 .elementor-element.elementor-element-b8c9482.e-con{--flex-grow:0;--flex-shrink:0;}.elementor-198 .elementor-element.elementor-element-3d8bc22{--display:flex;--border-radius:10px 10px 10px 10px;box-shadow:0px 5px 30px 0px rgba(196.00000000000003, 196.00000000000003, 196.00000000000003, 0.5);--padding-top:60px;--padding-bottom:60px;--padding-left:60px;--padding-right:60px;}.elementor-198 .elementor-element.elementor-element-3d8bc22:not(.elementor-motion-effects-element-type-background), .elementor-198 .elementor-element.elementor-element-3d8bc22 > .elementor-motion-effects-container > .elementor-motion-effects-layer{background-color:var( --e-global-color-22c322d );}.elementor-198 .elementor-element.elementor-element-96e04ee .elementor-field-group{margin-bottom:20px;}.elementor-198 .elementor-element.elementor-element-96e04ee .elementor-field-group.recaptcha_v3-bottomleft, .elementor-198 .elementor-element.elementor-element-96e04ee .elementor-field-group.recaptcha_v3-bottomright{margin-bottom:0;}.elementor-198 .elementor-element.elementor-element-96e04ee .elementor-form-fields-wrapper{margin-bottom:-20px;}body.rtl .elementor-198 .elementor-element.elementor-element-96e04ee .elementor-labels-inline .elementor-field-group > label{padding-left:0px;}body:not(.rtl) .elementor-198 .elementor-element.elementor-element-96e04ee .elementor-labels-inline .elementor-field-group > label{padding-right:0px;}body .elementor-198 .elementor-element.elementor-element-96e04ee .elementor-labels-above .elementor-field-group > label{padding-bottom:0px;}.elementor-198 .elementor-element.elementor-element-96e04ee .elementor-field-type-html{padding-bottom:0px;}.elementor-198 .elementor-element.elementor-element-96e04ee .elementor-field-group .elementor-field:not(.elementor-select-wrapper){background-color:#ffffff;border-radius:30px 30px 30px 30px;}.elementor-198 .elementor-element.elementor-element-96e04ee .elementor-field-group .elementor-select-wrapper select{background-color:#ffffff;border-radius:30px 30px 30px 30px;}.elementor-198 .elementor-element.elementor-element-96e04ee .e-form__buttons__wrapper__button-next{background-color:var( --e-global-color-30364a2 );color:var( --e-global-color-c69b414 );}.elementor-198 .elementor-element.elementor-element-96e04ee .elementor-button[type=\"submit\"]{background-color:var( --e-global-color-30364a2 );color:var( --e-global-color-c69b414 );}.elementor-198 .elementor-element.elementor-element-96e04ee .elementor-button[type=\"submit\"] svg *{fill:var( --e-global-color-c69b414 );}.elementor-198 .elementor-element.elementor-element-96e04ee .e-form__buttons__wrapper__button-previous{color:#ffffff;}.elementor-198 .elementor-element.elementor-element-96e04ee .e-form__buttons__wrapper__button-next:hover{color:#ffffff;}.elementor-198 .elementor-element.elementor-element-96e04ee .elementor-button[type=\"submit\"]:hover{color:#ffffff;}.elementor-198 .elementor-element.elementor-element-96e04ee .elementor-button[type=\"submit\"]:hover svg *{fill:#ffffff;}.elementor-198 .elementor-element.elementor-element-96e04ee .e-form__buttons__wrapper__button-previous:hover{color:#ffffff;}.elementor-198 .elementor-element.elementor-element-96e04ee{--e-form-steps-indicators-spacing:20px;--e-form-steps-indicator-padding:30px;--e-form-steps-indicator-inactive-secondary-color:#ffffff;--e-form-steps-indicator-active-secondary-color:#ffffff;--e-form-steps-indicator-completed-secondary-color:#ffffff;--e-form-steps-divider-width:1px;--e-form-steps-divider-gap:10px;}@media(max-width:1024px){.elementor-198 .elementor-element.elementor-element-1cb9f926{--padding-top:60px;--padding-bottom:0px;--padding-left:20px;--padding-right:20px;}.elementor-198 .elementor-element.elementor-element-5f098e07 .elementor-heading-title{font-size:var( --e-global-typography-ffb9126-font-size );line-height:var( --e-global-typography-ffb9126-line-height );letter-spacing:var( --e-global-typography-ffb9126-letter-spacing );word-spacing:var( --e-global-typography-ffb9126-word-spacing );}.elementor-198 .elementor-element.elementor-element-f25d1aa{--padding-top:80px;--padding-bottom:80px;--padding-left:20px;--padding-right:20px;}.elementor-198 .elementor-element.elementor-element-7c757b7{--padding-top:40px;--padding-bottom:40px;--padding-left:40px;--padding-right:40px;}.elementor-198 .elementor-element.elementor-element-9529c91 .elementor-heading-title{font-size:var( --e-global-typography-1859ff9-font-size );line-height:var( --e-global-typography-1859ff9-line-height );letter-spacing:var( --e-global-typography-1859ff9-letter-spacing );word-spacing:var( --e-global-typography-1859ff9-word-spacing );}.elementor-198 .elementor-element.elementor-element-d493551 .elementor-heading-title{font-size:var( --e-global-typography-d86f8c4-font-size );line-height:var( --e-global-typography-d86f8c4-line-height );letter-spacing:var( --e-global-typography-d86f8c4-letter-spacing );word-spacing:var( --e-global-typography-d86f8c4-word-spacing );}.elementor-198 .elementor-element.elementor-element-860f254 .elementor-heading-title{font-size:var( --e-global-typography-1859ff9-font-size );line-height:var( --e-global-typography-1859ff9-line-height );letter-spacing:var( --e-global-typography-1859ff9-letter-spacing );word-spacing:var( --e-global-typography-1859ff9-word-spacing );}.elementor-198 .elementor-element.elementor-element-b8c9482{--padding-top:0px;--padding-bottom:80px;--padding-left:20px;--padding-right:20px;}}@media(max-width:767px){.elementor-198 .elementor-element.elementor-element-1cb9f926{--min-height:400px;--padding-top:50px;--padding-bottom:0px;--padding-left:20px;--padding-right:20px;}.elementor-198 .elementor-element.elementor-element-5f098e07 .elementor-heading-title{font-size:var( --e-global-typography-ffb9126-font-size );line-height:var( --e-global-typography-ffb9126-line-height );letter-spacing:var( --e-global-typography-ffb9126-letter-spacing );word-spacing:var( --e-global-typography-ffb9126-word-spacing );}.elementor-198 .elementor-element.elementor-element-f25d1aa{--flex-direction:column-reverse;--container-widget-width:100%;--container-widget-height:initial;--container-widget-flex-grow:0;--container-widget-align-self:initial;--flex-wrap-mobile:wrap;}.elementor-198 .elementor-element.elementor-element-9529c91 .elementor-heading-title{font-size:var( --e-global-typography-1859ff9-font-size );line-height:var( --e-global-typography-1859ff9-line-height );letter-spacing:var( --e-global-typography-1859ff9-letter-spacing );word-spacing:var( --e-global-typography-1859ff9-word-spacing );}.elementor-198 .elementor-element.elementor-element-e733ee6{--padding-top:220px;--padding-bottom:50px;--padding-left:20px;--padding-right:20px;}.elementor-198 .elementor-element.elementor-element-d493551 .elementor-heading-title{font-size:var( --e-global-typography-d86f8c4-font-size );line-height:var( --e-global-typography-d86f8c4-line-height );letter-spacing:var( --e-global-typography-d86f8c4-letter-spacing );word-spacing:var( --e-global-typography-d86f8c4-word-spacing );}.elementor-198 .elementor-element.elementor-element-860f254 .elementor-heading-title{font-size:var( --e-global-typography-1859ff9-font-size );line-height:var( --e-global-typography-1859ff9-line-height );letter-spacing:var( --e-global-typography-1859ff9-letter-spacing );word-spacing:var( --e-global-typography-1859ff9-word-spacing );}.elementor-198 .elementor-element.elementor-element-b8c9482{--margin-top:0px;--margin-bottom:0px;--margin-left:0px;--margin-right:0px;--padding-top:0px;--padding-bottom:80px;--padding-left:0px;--padding-right:0px;}.elementor-198 .elementor-element.elementor-element-3d8bc22{--padding-top:20px;--padding-bottom:20px;--padding-left:20px;--padding-right:20px;}}@media(min-width:768px){.elementor-198 .elementor-element.elementor-element-7c757b7{--width:80%;}.elementor-198 .elementor-element.elementor-element-25268a8{--width:600px;}.elementor-198 .elementor-element.elementor-element-3d8bc22{--width:80%;}}@media(max-width:1024px) and (min-width:768px){.elementor-198 .elementor-element.elementor-element-e733ee6{--width:972.667px;}.elementor-198 .elementor-element.elementor-element-b8c9482{--width:934.667px;}}<\/style>\t\t<div data-elementor-type=\"wp-page\" data-elementor-id=\"198\" class=\"elementor elementor-198\" data-elementor-post-type=\"page\">\n\t\t\t\t<div class=\"elementor-element elementor-element-1cb9f926 e-flex e-con-boxed e-con e-parent\" data-id=\"1cb9f926\" data-element_type=\"container\" data-e-type=\"container\" data-settings=\"{&quot;background_background&quot;:&quot;classic&quot;}\">\n\t\t\t\t\t<div class=\"e-con-inner\">\n\t\t\t\t<div class=\"elementor-element elementor-element-5f098e07 elementor-widget elementor-widget-heading\" data-id=\"5f098e07\" data-element_type=\"widget\" data-e-type=\"widget\" data-widget_type=\"heading.default\">\n\t\t\t\t\t<h1 class=\"elementor-heading-title elementor-size-default\">Soutenir<\/h1>\t\t\t\t<\/div>\n\t\t\t\t\t<\/div>\n\t\t\t\t<\/div>\n\t\t<div class=\"elementor-element elementor-element-f25d1aa e-flex e-con-boxed e-con e-parent\" data-id=\"f25d1aa\" data-element_type=\"container\" data-e-type=\"container\" id=\"form\">\n\t\t\t\t\t<div class=\"e-con-inner\">\n\t\t<div class=\"elementor-element elementor-element-7c757b7 e-con-full e-flex e-con e-child\" data-id=\"7c757b7\" data-element_type=\"container\" data-e-type=\"container\" data-settings=\"{&quot;background_background&quot;:&quot;classic&quot;}\">\n\t\t\t\t<div class=\"elementor-element elementor-element-9529c91 elementor-widget elementor-widget-heading\" data-id=\"9529c91\" data-element_type=\"widget\" data-e-type=\"widget\" data-widget_type=\"heading.default\">\n\t\t\t\t\t<h2 class=\"elementor-heading-title elementor-size-default\">Formulaire de dons<\/h2>\t\t\t\t<\/div>\n\t\t\t\t<div class=\"elementor-element elementor-element-32f73aa elementor-widget elementor-widget-text-editor\" data-id=\"32f73aa\" data-element_type=\"widget\" data-e-type=\"widget\" data-widget_type=\"text-editor.default\">\n\t\t\t\t\t\t\t\t\t<p>Contribuez concr\u00e8tement \u00e0 la r\u00e9ing\u00e9nierie de la Nation congolaise en soutenant nos programmes et projets.<\/p>\t\t\t\t\t\t\t\t<\/div>\n\t\t\t\t<div class=\"elementor-element elementor-element-2909a9d animated-slow elementor-invisible elementor-widget elementor-widget-givewp_donation_form\" data-id=\"2909a9d\" data-element_type=\"widget\" data-e-type=\"widget\" data-settings=\"{&quot;_animation&quot;:&quot;fadeInUp&quot;,&quot;display_style&quot;:&quot;onpage&quot;}\" data-widget_type=\"givewp_donation_form.default\">\n\t\t\t\t\t<div class='root-data-givewp-embed' data-form-locale='en_US' data-form-url='https:\/\/changecongordc.org\/?post_type=give_forms&#038;p=631' data-form-view-url='https:\/\/changecongordc.org\/en\/?givewp-route=donation-form-view&form-id=631' data-src='https:\/\/changecongordc.org\/en\/?givewp-route=donation-form-view&form-id=631' data-givewp-embed-id='give-form-shortcode-1' data-form-format='onpage' data-open-form-button='Donate now' style='--givewp-primary-color: #0b72d9; --givewp-secondary-color: #27ae60;'><\/div>\t\t\t\t<\/div>\n\t\t\t\t<\/div>\n\t\t\t\t\t<\/div>\n\t\t\t\t<\/div>\n\t\t<div class=\"elementor-element elementor-element-3fb5d1a e-flex e-con-boxed e-con e-parent\" data-id=\"3fb5d1a\" data-element_type=\"container\" data-e-type=\"container\">\n\t\t\t\t\t<div class=\"e-con-inner\">\n\t\t\t\t<div class=\"elementor-element elementor-element-68a97d6 elementor-align-center elementor-widget elementor-widget-button\" data-id=\"68a97d6\" data-element_type=\"widget\" data-e-type=\"widget\" data-widget_type=\"button.default\">\n\t\t\t\t\t\t\t\t\t\t<a class=\"elementor-button elementor-button-link elementor-size-sm\" href=\"https:\/\/mccp-rdc.org\/\">\n\t\t\t\t\t\t<span class=\"elementor-button-content-wrapper\">\n\t\t\t\t\t\t\t\t\t<span class=\"elementor-button-text\">MCCP-RDC<\/span>\n\t\t\t\t\t<\/span>\n\t\t\t\t\t<\/a>\n\t\t\t\t\t\t\t\t<\/div>\n\t\t\t\t\t<\/div>\n\t\t\t\t<\/div>\n\t\t<div class=\"elementor-element elementor-element-e733ee6 e-con-full e-flex e-con e-parent\" data-id=\"e733ee6\" data-element_type=\"container\" data-e-type=\"container\" data-settings=\"{&quot;background_background&quot;:&quot;classic&quot;}\">\n\t\t<div class=\"elementor-element elementor-element-25268a8 e-con-full e-flex e-con e-child\" data-id=\"25268a8\" data-element_type=\"container\" data-e-type=\"container\">\n\t\t\t\t<div class=\"elementor-element elementor-element-860f254 elementor-widget elementor-widget-heading\" data-id=\"860f254\" data-element_type=\"widget\" data-e-type=\"widget\" data-widget_type=\"heading.default\">\n\t\t\t\t\t<h2 class=\"elementor-heading-title elementor-size-default\">Formulaire d\u2019adh\u00e9sion au MCCP-RDC<\/h2>\t\t\t\t<\/div>\n\t\t\t\t<\/div>\n\t\t\t\t<\/div>\n\t\t<div class=\"elementor-element elementor-element-b8c9482 e-con-full e-flex e-con e-parent\" data-id=\"b8c9482\" data-element_type=\"container\" data-e-type=\"container\">\n\t\t<div class=\"elementor-element elementor-element-3d8bc22 e-con-full e-flex e-con e-child\" data-id=\"3d8bc22\" data-element_type=\"container\" data-e-type=\"container\" data-settings=\"{&quot;background_background&quot;:&quot;classic&quot;}\">\n\t\t\t\t<div class=\"elementor-element elementor-element-96e04ee elementor-button-align-stretch elementor-widget elementor-widget-form\" data-id=\"96e04ee\" data-element_type=\"widget\" data-e-type=\"widget\" data-settings=\"{&quot;step_next_label&quot;:&quot;Next&quot;,&quot;step_previous_label&quot;:&quot;Previous&quot;,&quot;button_width&quot;:&quot;100&quot;,&quot;step_type&quot;:&quot;number_text&quot;,&quot;step_icon_shape&quot;:&quot;circle&quot;}\" data-widget_type=\"form.default\">\n\t\t\t\t\t\t\t<form class=\"elementor-form\" method=\"post\" name=\"New Form\" aria-label=\"New Form\">\n\t\t\t<input type=\"hidden\" name=\"post_id\" value=\"198\"\/>\n\t\t\t<input type=\"hidden\" name=\"form_id\" value=\"96e04ee\"\/>\n\t\t\t<input type=\"hidden\" name=\"referer_title\" value=\"J\u2019adh\u00e8re\" \/>\n\n\t\t\t\t\t\t\t<input type=\"hidden\" name=\"queried_id\" value=\"198\"\/>\n\t\t\t\n\t\t\t<div class=\"elementor-form-fields-wrapper elementor-labels-\">\n\t\t\t\t\t\t\t\t<div class=\"elementor-field-type-text elementor-field-group elementor-column elementor-field-group-name elementor-col-100 elementor-field-required\">\n\t\t\t\t\t\t\t\t\t\t\t\t<label for=\"form-field-name\" class=\"elementor-field-label elementor-screen-only\">\n\t\t\t\t\t\t\t\tNom\t\t\t\t\t\t\t<\/label>\n\t\t\t\t\t\t\t\t\t\t\t\t\t\t<input size=\"1\" type=\"text\" name=\"form_fields[name]\" id=\"form-field-name\" class=\"elementor-field elementor-size-md  elementor-field-textual\" placeholder=\"Nom\" required=\"required\">\n\t\t\t\t\t\t\t\t\t\t\t<\/div>\n\t\t\t\t\t\t\t\t<div class=\"elementor-field-type-text elementor-field-group elementor-column elementor-field-group-field_90f2a64 elementor-col-100 elementor-field-required\">\n\t\t\t\t\t\t\t\t\t\t\t\t<label for=\"form-field-field_90f2a64\" class=\"elementor-field-label elementor-screen-only\">\n\t\t\t\t\t\t\t\tPrenom\t\t\t\t\t\t\t<\/label>\n\t\t\t\t\t\t\t\t\t\t\t\t\t\t<input size=\"1\" type=\"text\" name=\"form_fields[field_90f2a64]\" id=\"form-field-field_90f2a64\" class=\"elementor-field elementor-size-md  elementor-field-textual\" placeholder=\"Prenom\" required=\"required\">\n\t\t\t\t\t\t\t\t\t\t\t<\/div>\n\t\t\t\t\t\t\t\t<div class=\"elementor-field-type-tel elementor-field-group elementor-column elementor-field-group-field_66b5ba9 elementor-col-100 elementor-field-required\">\n\t\t\t\t\t\t\t\t\t\t\t\t<label for=\"form-field-field_66b5ba9\" class=\"elementor-field-label elementor-screen-only\">\n\t\t\t\t\t\t\t\tTelephone\t\t\t\t\t\t\t<\/label>\n\t\t\t\t\t\t\t\t<input size=\"1\" type=\"tel\" name=\"form_fields[field_66b5ba9]\" id=\"form-field-field_66b5ba9\" class=\"elementor-field elementor-size-md  elementor-field-textual\" placeholder=\"Telephone\" required=\"required\" pattern=\"[0-9()#&amp;+*-=.]+\" title=\"Only numbers and phone characters (#, -, *, etc) are accepted.\">\n\n\t\t\t\t\t\t<\/div>\n\t\t\t\t\t\t\t\t<div class=\"elementor-field-type-email elementor-field-group elementor-column elementor-field-group-email elementor-col-100 elementor-field-required\">\n\t\t\t\t\t\t\t\t\t\t\t\t<label for=\"form-field-email\" class=\"elementor-field-label elementor-screen-only\">\n\t\t\t\t\t\t\t\tEmail\t\t\t\t\t\t\t<\/label>\n\t\t\t\t\t\t\t\t\t\t\t\t\t\t<input size=\"1\" type=\"email\" name=\"form_fields[email]\" id=\"form-field-email\" class=\"elementor-field elementor-size-md  elementor-field-textual\" placeholder=\"Email\" required=\"required\">\n\t\t\t\t\t\t\t\t\t\t\t<\/div>\n\t\t\t\t\t\t\t\t<div class=\"elementor-field-type-textarea elementor-field-group elementor-column elementor-field-group-message elementor-col-100\">\n\t\t\t\t\t\t\t\t\t\t\t\t<label for=\"form-field-message\" class=\"elementor-field-label elementor-screen-only\">\n\t\t\t\t\t\t\t\tMessage\t\t\t\t\t\t\t<\/label>\n\t\t\t\t\t\t<textarea class=\"elementor-field-textual elementor-field  elementor-size-md\" name=\"form_fields[message]\" id=\"form-field-message\" rows=\"4\" placeholder=\"Message\"><\/textarea>\t\t\t\t<\/div>\n\t\t\t\t\t\t\t\t<div class=\"elementor-field-type-text\">\n\t\t\t\t\t<input size=\"1\" type=\"text\" name=\"form_fields[field_5ae2bfd]\" id=\"form-field-field_5ae2bfd\" class=\"elementor-field elementor-size-md \" style=\"display:none !important;\">\t\t\t\t<\/div>\n\t\t\t\t\t\t\t\t<div class=\"elementor-field-group elementor-column elementor-field-type-submit elementor-col-100 e-form__buttons\">\n\t\t\t\t\t<button class=\"elementor-button elementor-size-sm\" type=\"submit\">\n\t\t\t\t\t\t<span class=\"elementor-button-content-wrapper\">\n\t\t\t\t\t\t\t\t\t\t\t\t\t\t\t\t\t\t\t\t\t\t<span class=\"elementor-button-text\">Envoyer<\/span>\n\t\t\t\t\t\t\t\t\t\t\t\t\t<\/span>\n\t\t\t\t\t<\/button>\n\t\t\t\t<\/div>\n\t\t\t<\/div>\n\t\t<\/form>\n\t\t\t\t\t\t<\/div>\n\t\t\t\t<\/div>\n\t\t\t\t<\/div>\n\t\t\t\t<\/div>\n\t\t","protected":false},"excerpt":{"rendered":"<p>Soutenir Formulaire de dons Contribuez concr\u00e8tement \u00e0 la r\u00e9ing\u00e9nierie de la Nation congolaise en soutenant nos programmes et projets. MCCP-RDC Formulaire d\u2019adh\u00e9sion au MCCP-RDC<\/p>","protected":false},"author":1,"featured_media":0,"parent":0,"menu_order":0,"comment_status":"closed","ping_status":"closed","template":"elementor_header_footer","meta":{"give_campaign_id":0,"footnotes":""},"class_list":["post-198","page","type-page","status-publish","hentry"],"campaignId":"","_links":{"self":[{"href":"https:\/\/changecongordc.org\/en\/wp-json\/wp\/v2\/pages\/198","targetHints":{"allow":["GET"]}}],"collection":[{"href":"https:\/\/changecongordc.org\/en\/wp-json\/wp\/v2\/pages"}],"about":[{"href":"https:\/\/changecongordc.org\/en\/wp-json\/wp\/v2\/types\/page"}],"author":[{"embeddable":true,"href":"https:\/\/changecongordc.org\/en\/wp-json\/wp\/v2\/users\/1"}],"replies":[{"embeddable":true,"href":"https:\/\/changecongordc.org\/en\/wp-json\/wp\/v2\/comments?post=198"}],"version-history":[{"count":58,"href":"https:\/\/changecongordc.org\/en\/wp-json\/wp\/v2\/pages\/198\/revisions"}],"predecessor-version":[{"id":1096,"href":"https:\/\/changecongordc.org\/en\/wp-json\/wp\/v2\/pages\/198\/revisions\/1096"}],"wp:attachment":[{"href":"https:\/\/changecongordc.org\/en\/wp-json\/wp\/v2\/media?parent=198"}],"curies":[{"name":"wp","href":"https:\/\/api.w.org\/{rel}","templated":true}]}}